{"id":82,"date":"2024-06-10T19:11:28","date_gmt":"2024-06-10T19:11:28","guid":{"rendered":"https:\/\/woodchopper.eu\/?post_type=product&#038;p=82"},"modified":"2026-02-15T14:05:17","modified_gmt":"2026-02-15T13:05:17","slug":"skovhugger","status":"publish","type":"product","link":"https:\/\/woodchopper.eu\/da\/product\/woodchopper","title":{"rendered":"Woodchopper"},"content":{"rendered":"<div data-elementor-type=\"wp-post\" data-elementor-id=\"82\" class=\"elementor elementor-82\" data-elementor-post-type=\"product\">\n\t\t\t\t<div class=\"elementor-element elementor-element-a1900ef e-con-full e-flex e-con e-parent\" data-id=\"a1900ef\" data-element_type=\"container\" data-e-type=\"container\">\n\t\t<div class=\"elementor-element elementor-element-513e840 e-con-full e-flex e-con e-child\" data-id=\"513e840\" data-element_type=\"container\" data-e-type=\"container\" data-settings=\"{&quot;background_background&quot;:&quot;classic&quot;}\">\n\t\t<div class=\"elementor-element elementor-element-36a9b77 e-con-full e-flex e-con e-child\" data-id=\"36a9b77\" data-element_type=\"container\" data-e-type=\"container\" data-settings=\"{&quot;background_background&quot;:&quot;video&quot;,&quot;background_video_link&quot;:&quot;https:\\\/\\\/vimeo.com\\\/1061242003\\\/f1c86322f6&quot;,&quot;background_video_start&quot;:0,&quot;background_video_end&quot;:30,&quot;background_play_on_mobile&quot;:&quot;yes&quot;}\">\n\t\t<div class=\"elementor-background-video-container\">\n\t\t\t\t\t\t\t<div class=\"elementor-background-video-embed\" role=\"presentation\"><\/div>\n\t\t\t\t\t\t<\/div>\t\t<\/div>\n\t\t<div class=\"elementor-element elementor-element-588688b e-con-full e-flex e-con e-child\" data-id=\"588688b\" data-element_type=\"container\" data-e-type=\"container\" data-settings=\"{&quot;background_background&quot;:&quot;classic&quot;}\">\n\t\t\t\t<div class=\"elementor-element elementor-element-5d4855d elementor-widget elementor-widget-heading\" data-id=\"5d4855d\" data-element_type=\"widget\" data-e-type=\"widget\" data-widget_type=\"heading.default\">\n\t\t\t\t\t<h2 class=\"elementor-heading-title elementor-size-default\">Installatie Woodchopper<\/h2>\t\t\t\t<\/div>\n\t\t<div class=\"elementor-element elementor-element-9de1b5e e-con-full e-flex e-con e-child\" data-id=\"9de1b5e\" data-element_type=\"container\" data-e-type=\"container\">\n\t\t<div class=\"elementor-element elementor-element-4ed2ec9 e-con-full e-flex e-con e-child\" data-id=\"4ed2ec9\" data-element_type=\"container\" data-e-type=\"container\">\n\t\t\t\t<div class=\"elementor-element elementor-element-96b8b00 elementor-widget elementor-widget-heading\" data-id=\"96b8b00\" data-element_type=\"widget\" data-e-type=\"widget\" data-widget_type=\"heading.default\">\n\t\t\t\t\t<h2 class=\"elementor-heading-title elementor-size-default\">01<\/h2>\t\t\t\t<\/div>\n\t\t\t\t<div class=\"elementor-element elementor-element-b2c77e3 elementor-widget__width-initial elementor-widget elementor-widget-icon-box\" data-id=\"b2c77e3\" data-element_type=\"widget\" data-e-type=\"widget\" data-widget_type=\"icon-box.default\">\n\t\t\t\t\t\t\t<div class=\"elementor-icon-box-wrapper\">\n\n\t\t\t\n\t\t\t\t\t\t<div class=\"elementor-icon-box-content\">\n\n\t\t\t\t\t\t\t\t\t<h3 class=\"elementor-icon-box-title\">\n\t\t\t\t\t\t<span  >\n\t\t\t\t\t\t\tStevige ondergrond\t\t\t\t\t\t<\/span>\n\t\t\t\t\t<\/h3>\n\t\t\t\t\n\t\t\t\t\t\t\t\t\t<p class=\"elementor-icon-box-description\">\n\t\t\t\t\t\tAan de veranda, de schutting of gewoon binnen aan de muur.\t\t\t\t\t<\/p>\n\t\t\t\t\n\t\t\t<\/div>\n\t\t\t\n\t\t<\/div>\n\t\t\t\t\t\t<\/div>\n\t\t\t\t<\/div>\n\t\t<div class=\"elementor-element elementor-element-01e2967 e-con-full e-flex e-con e-child\" data-id=\"01e2967\" data-element_type=\"container\" data-e-type=\"container\">\n\t\t\t\t<div class=\"elementor-element elementor-element-2af03b1 elementor-widget elementor-widget-heading\" data-id=\"2af03b1\" data-element_type=\"widget\" data-e-type=\"widget\" data-widget_type=\"heading.default\">\n\t\t\t\t\t<h2 class=\"elementor-heading-title elementor-size-default\">02<\/h2>\t\t\t\t<\/div>\n\t\t\t\t<div class=\"elementor-element elementor-element-61e70e9 elementor-widget__width-initial elementor-widget elementor-widget-icon-box\" data-id=\"61e70e9\" data-element_type=\"widget\" data-e-type=\"widget\" data-widget_type=\"icon-box.default\">\n\t\t\t\t\t\t\t<div class=\"elementor-icon-box-wrapper\">\n\n\t\t\t\n\t\t\t\t\t\t<div class=\"elementor-icon-box-content\">\n\n\t\t\t\t\t\t\t\t\t<h3 class=\"elementor-icon-box-title\">\n\t\t\t\t\t\t<span  >\n\t\t\t\t\t\t\tGebruik meegeleverde bouten\t\t\t\t\t\t<\/span>\n\t\t\t\t\t<\/h3>\n\t\t\t\t\n\t\t\t\t\t\t\t\t\t<p class=\"elementor-icon-box-description\">\n\t\t\t\t\t\tEven voorboren van de gaten, dan de meegeleverde bouten bevestigen en hij hangt.\t\t\t\t\t<\/p>\n\t\t\t\t\n\t\t\t<\/div>\n\t\t\t\n\t\t<\/div>\n\t\t\t\t\t\t<\/div>\n\t\t\t\t<\/div>\n\t\t<div class=\"elementor-element elementor-element-2b253a1 e-con-full e-flex e-con e-child\" data-id=\"2b253a1\" data-element_type=\"container\" data-e-type=\"container\">\n\t\t\t\t<div class=\"elementor-element elementor-element-3651ede elementor-widget elementor-widget-heading\" data-id=\"3651ede\" data-element_type=\"widget\" data-e-type=\"widget\" data-widget_type=\"heading.default\">\n\t\t\t\t\t<h2 class=\"elementor-heading-title elementor-size-default\">03<\/h2>\t\t\t\t<\/div>\n\t\t\t\t<div class=\"elementor-element elementor-element-95e85b4 elementor-widget__width-initial elementor-widget elementor-widget-icon-box\" data-id=\"95e85b4\" data-element_type=\"widget\" data-e-type=\"widget\" data-widget_type=\"icon-box.default\">\n\t\t\t\t\t\t\t<div class=\"elementor-icon-box-wrapper\">\n\n\t\t\t\n\t\t\t\t\t\t<div class=\"elementor-icon-box-content\">\n\n\t\t\t\t\t\t\t\t\t<h3 class=\"elementor-icon-box-title\">\n\t\t\t\t\t\t<span  >\n\t\t\t\t\t\t\tKlaar!\t\t\t\t\t\t<\/span>\n\t\t\t\t\t<\/h3>\n\t\t\t\t\n\t\t\t\t\t\t\t\t\t<p class=\"elementor-icon-box-description\">\n\t\t\t\t\t\tGebruik direct uw Woodchopper voor het houtvuur of de aanmaakblokjes voor op de barbeque.\t\t\t\t\t<\/p>\n\t\t\t\t\n\t\t\t<\/div>\n\t\t\t\n\t\t<\/div>\n\t\t\t\t\t\t<\/div>\n\t\t\t\t<\/div>\n\t\t\t\t<\/div>\n\t\t\t\t<\/div>\n\t\t\t\t<\/div>\n\t\t\t\t<\/div>\n\t\t<div class=\"elementor-element elementor-element-3aa25c68 e-con-full e-flex e-con e-parent\" data-id=\"3aa25c68\" data-element_type=\"container\" data-e-type=\"container\" data-settings=\"{&quot;background_background&quot;:&quot;classic&quot;}\">\n\t\t\t\t<div class=\"elementor-element elementor-element-176d80bc elementor-widget elementor-widget-text-editor\" data-id=\"176d80bc\" data-element_type=\"widget\" data-e-type=\"widget\" data-widget_type=\"text-editor.default\">\n\t\t\t\t\t\t\t\t\t<h4><strong>Belangrijkste kenmerken<\/strong><\/h4><h5><strong>Ergonomisch ontwerp:<\/strong><\/h5><p>De Woodchopper is ontworpen voor comfort en controle. De ergonomische handgreep en uitgebalanceerde gewichtsverdeling zorgen voor minimalisatie van vermoeidheid tijdens langdurig gebruik.<\/p><h5><strong>Veiligheid voorop:<\/strong><\/h5><p>Ge\u00efntegreerde veiligheidsvergrendeling voor onbedoeld bedienen. Controle over uw houtblok door grip van de basissteun en handveilig te kunnen kloven.<\/p><h5><strong>Duurzame constructie:<\/strong><\/h5><p>De Woodchopper is ontworpen uit hoogwaardige materialen. Tevens is hij bestand tegen alle weersinvloeden en intensief gebruik. Zo levert hij jaar na jaar betrouwbare prestaties.<\/p><h5><strong>Veelzijdige functionaliteit:<\/strong><\/h5><p>Perfect voor een verscheidenheid aan houtsoorten en -formaten, van kleine takken tot rest hout van constructiewerk. De Woodchopper past zich moeiteloos aan uw behoeften aan.<\/p><h5><strong>Specificaties:<\/strong><\/h5><ul><li>Afmetingen 750 L x 110 B x 130 H mm<\/li><li>V\u00e6gt 5 kg<\/li><li>Materiaal roestvast staal 304L<\/li><li>Bevestiging afmetingen 4 x 70 x 360 mm boorgat 10mm<\/li><li>Kloofzwaard lengte 750 mm<\/li><\/ul><h5>Waarom kiezen voor de Woodchopper ?<\/h5><ul><li>De Woodchopper is de eerste veilige houtkloof oplossing waarbij je volledig controle hebt over het te kloven hout.<\/li><li>Volledig vervaardigd uit roestvast staal en bestand\u00a0 tegen alle weersinvloeden.<\/li><li>Door zijn extra lange kloof-zwaard is er een grotere kracht beschikbaar voor het splijten van het blok.<\/li><li>Door zijn verticale montage is de Woodchopper ergonomisch verantwoord en door elke volwassenen te bedienen.<\/li><li>Vergrendel veiligheid d.m.v. borgpen (eventueel te vervangen door een hangslot)<\/li><li>Ge\u00efntegreerde flesopener voor tijdens of na de klus.<\/li><\/ul>\t\t\t\t\t\t\t\t<\/div>\n\t\t\t\t<\/div>\n\t\t\t\t<\/div>","protected":false},"excerpt":{"rendered":"<p><span style=\"font-weight: 400;\">Oplev uovertruffen effektivitet og pr\u00e6cision med Woodchopper, din ultimative l\u00f8sning til tr\u00e6kl\u00f8vning. Dette kraftfulde v\u00e6rkt\u00f8j sikrer, at hvert eneste snit er hurtigt, sikkert og kontrolleret.<\/span><\/p>\n<p>Til v\u00e6ggen, hegnet, verandaen eller indenfor ved siden af br\u00e6ndeovnen.<\/p>","protected":false},"featured_media":1153,"template":"","meta":[],"product_brand":[],"product_cat":[27],"product_tag":[28],"class_list":{"0":"post-82","1":"product","2":"type-product","3":"status-publish","4":"has-post-thumbnail","6":"product_cat-wood-chopper","7":"product_tag-woodchopper","9":"first","10":"instock","11":"taxable","12":"shipping-taxable","13":"purchasable","14":"product-type-simple"},"_links":{"self":[{"href":"https:\/\/woodchopper.eu\/da\/wp-json\/wp\/v2\/product\/82","targetHints":{"allow":["GET"]}}],"collection":[{"href":"https:\/\/woodchopper.eu\/da\/wp-json\/wp\/v2\/product"}],"about":[{"href":"https:\/\/woodchopper.eu\/da\/wp-json\/wp\/v2\/types\/product"}],"version-history":[{"count":25,"href":"https:\/\/woodchopper.eu\/da\/wp-json\/wp\/v2\/product\/82\/revisions"}],"predecessor-version":[{"id":6068,"href":"https:\/\/woodchopper.eu\/da\/wp-json\/wp\/v2\/product\/82\/revisions\/6068"}],"wp:featuredmedia":[{"embeddable":true,"href":"https:\/\/woodchopper.eu\/da\/wp-json\/wp\/v2\/media\/1153"}],"wp:attachment":[{"href":"https:\/\/woodchopper.eu\/da\/wp-json\/wp\/v2\/media?parent=82"}],"wp:term":[{"taxonomy":"product_brand","embeddable":true,"href":"https:\/\/woodchopper.eu\/da\/wp-json\/wp\/v2\/product_brand?post=82"},{"taxonomy":"product_cat","embeddable":true,"href":"https:\/\/woodchopper.eu\/da\/wp-json\/wp\/v2\/product_cat?post=82"},{"taxonomy":"product_tag","embeddable":true,"href":"https:\/\/woodchopper.eu\/da\/wp-json\/wp\/v2\/product_tag?post=82"}],"curies":[{"name":"wp","href":"https:\/\/api.w.org\/{rel}","templated":true}]}}