{"id":5952,"date":"2025-03-20T14:19:11","date_gmt":"2025-03-20T14:19:11","guid":{"rendered":"https:\/\/woodchopper.eu\/?page_id=5952"},"modified":"2025-10-13T20:48:37","modified_gmt":"2025-10-13T18:48:37","slug":"ons-verhaal-hoe-het-begon-15-jaar-geleden","status":"publish","type":"page","link":"https:\/\/woodchopper.eu\/fi\/ons-verhaal-hoe-het-begon-15-jaar-geleden","title":{"rendered":"Tietoa meist\u00e4"},"content":{"rendered":"<div data-elementor-type=\"wp-page\" data-elementor-id=\"5952\" class=\"elementor elementor-5952\" data-elementor-post-type=\"page\">\n\t\t\t\t<div class=\"elementor-element elementor-element-bd3a42f e-flex e-con-boxed e-con e-parent\" data-id=\"bd3a42f\" data-element_type=\"container\" data-e-type=\"container\" data-settings=\"{&quot;background_background&quot;:&quot;classic&quot;}\">\n\t\t\t\t\t<div class=\"e-con-inner\">\n\t\t<div class=\"elementor-element elementor-element-7570d8c0 e-con-full e-flex e-con e-child\" data-id=\"7570d8c0\" data-element_type=\"container\" data-e-type=\"container\">\n\t\t<div class=\"elementor-element elementor-element-59b893c6 e-con-full e-flex e-con e-child\" data-id=\"59b893c6\" data-element_type=\"container\" data-e-type=\"container\">\n\t\t\t\t<div class=\"elementor-element elementor-element-1cba1966 elementor-widget elementor-widget-image\" data-id=\"1cba1966\" data-element_type=\"widget\" data-e-type=\"widget\" data-widget_type=\"image.default\">\n\t\t\t\t\t\t\t\t\t\t\t\t\t\t\t<img fetchpriority=\"high\" decoding=\"async\" width=\"1200\" height=\"1200\" src=\"https:\/\/woodchopper.eu\/wp-content\/uploads\/2024\/06\/20240526_132004.jpg\" class=\"attachment-full size-full wp-image-5378\" alt=\"\" srcset=\"https:\/\/woodchopper.eu\/wp-content\/uploads\/2024\/06\/20240526_132004.jpg 1200w, https:\/\/woodchopper.eu\/wp-content\/uploads\/2024\/06\/20240526_132004-300x300.jpg 300w, https:\/\/woodchopper.eu\/wp-content\/uploads\/2024\/06\/20240526_132004-1024x1024.jpg 1024w, https:\/\/woodchopper.eu\/wp-content\/uploads\/2024\/06\/20240526_132004-150x150.jpg 150w, https:\/\/woodchopper.eu\/wp-content\/uploads\/2024\/06\/20240526_132004-768x768.jpg 768w, https:\/\/woodchopper.eu\/wp-content\/uploads\/2024\/06\/20240526_132004-600x600.jpg 600w, https:\/\/woodchopper.eu\/wp-content\/uploads\/2024\/06\/20240526_132004-100x100.jpg 100w\" sizes=\"(max-width: 1200px) 100vw, 1200px\" \/>\t\t\t\t\t\t\t\t\t\t\t\t\t\t\t<\/div>\n\t\t\t\t<div class=\"elementor-element elementor-element-77f472e2 elementor-widget elementor-widget-image\" data-id=\"77f472e2\" data-element_type=\"widget\" data-e-type=\"widget\" data-widget_type=\"image.default\">\n\t\t\t\t\t\t\t\t\t\t\t\t\t\t\t<img decoding=\"async\" width=\"1920\" height=\"1080\" src=\"https:\/\/woodchopper.eu\/wp-content\/uploads\/2025\/03\/default_1.18.1.jpg\" class=\"attachment-full size-full wp-image-5967\" alt=\"\" srcset=\"https:\/\/woodchopper.eu\/wp-content\/uploads\/2025\/03\/default_1.18.1.jpg 1920w, https:\/\/woodchopper.eu\/wp-content\/uploads\/2025\/03\/default_1.18.1-300x169.jpg 300w, https:\/\/woodchopper.eu\/wp-content\/uploads\/2025\/03\/default_1.18.1-1024x576.jpg 1024w, https:\/\/woodchopper.eu\/wp-content\/uploads\/2025\/03\/default_1.18.1-768x432.jpg 768w, https:\/\/woodchopper.eu\/wp-content\/uploads\/2025\/03\/default_1.18.1-1536x864.jpg 1536w, https:\/\/woodchopper.eu\/wp-content\/uploads\/2025\/03\/default_1.18.1-18x10.jpg 18w, https:\/\/woodchopper.eu\/wp-content\/uploads\/2025\/03\/default_1.18.1-600x338.jpg 600w\" sizes=\"(max-width: 1920px) 100vw, 1920px\" \/>\t\t\t\t\t\t\t\t\t\t\t\t\t\t\t<\/div>\n\t\t\t\t<div class=\"elementor-element elementor-element-7edcfc7 elementor-widget elementor-widget-image\" data-id=\"7edcfc7\" data-element_type=\"widget\" data-e-type=\"widget\" data-widget_type=\"image.default\">\n\t\t\t\t\t\t\t\t\t\t\t\t\t\t\t<img decoding=\"async\" width=\"2400\" height=\"1600\" src=\"https:\/\/woodchopper.eu\/wp-content\/uploads\/2024\/11\/website-extra-fotos-6.jpg\" class=\"attachment-full size-full wp-image-5718\" alt=\"\" srcset=\"https:\/\/woodchopper.eu\/wp-content\/uploads\/2024\/11\/website-extra-fotos-6.jpg 2400w, https:\/\/woodchopper.eu\/wp-content\/uploads\/2024\/11\/website-extra-fotos-6-300x200.jpg 300w, https:\/\/woodchopper.eu\/wp-content\/uploads\/2024\/11\/website-extra-fotos-6-1024x683.jpg 1024w, https:\/\/woodchopper.eu\/wp-content\/uploads\/2024\/11\/website-extra-fotos-6-768x512.jpg 768w, https:\/\/woodchopper.eu\/wp-content\/uploads\/2024\/11\/website-extra-fotos-6-1536x1024.jpg 1536w, https:\/\/woodchopper.eu\/wp-content\/uploads\/2024\/11\/website-extra-fotos-6-2048x1365.jpg 2048w, https:\/\/woodchopper.eu\/wp-content\/uploads\/2024\/11\/website-extra-fotos-6-18x12.jpg 18w, https:\/\/woodchopper.eu\/wp-content\/uploads\/2024\/11\/website-extra-fotos-6-600x400.jpg 600w\" sizes=\"(max-width: 2400px) 100vw, 2400px\" \/>\t\t\t\t\t\t\t\t\t\t\t\t\t\t\t<\/div>\n\t\t\t\t<\/div>\n\t\t<div class=\"elementor-element elementor-element-5c8b9fe7 e-con-full e-flex e-con e-child\" data-id=\"5c8b9fe7\" data-element_type=\"container\" data-e-type=\"container\">\n\t\t\t\t<div class=\"elementor-element elementor-element-677345bb elementor-widget elementor-widget-image\" data-id=\"677345bb\" data-element_type=\"widget\" data-e-type=\"widget\" data-widget_type=\"image.default\">\n\t\t\t\t\t\t\t\t\t\t\t\t\t\t\t<img loading=\"lazy\" decoding=\"async\" width=\"2400\" height=\"1600\" src=\"https:\/\/woodchopper.eu\/wp-content\/uploads\/2025\/03\/Woodchopper-about.jpg\" class=\"attachment-full size-full wp-image-5968\" alt=\"\" srcset=\"https:\/\/woodchopper.eu\/wp-content\/uploads\/2025\/03\/Woodchopper-about.jpg 2400w, https:\/\/woodchopper.eu\/wp-content\/uploads\/2025\/03\/Woodchopper-about-300x200.jpg 300w, https:\/\/woodchopper.eu\/wp-content\/uploads\/2025\/03\/Woodchopper-about-1024x683.jpg 1024w, https:\/\/woodchopper.eu\/wp-content\/uploads\/2025\/03\/Woodchopper-about-768x512.jpg 768w, https:\/\/woodchopper.eu\/wp-content\/uploads\/2025\/03\/Woodchopper-about-1536x1024.jpg 1536w, https:\/\/woodchopper.eu\/wp-content\/uploads\/2025\/03\/Woodchopper-about-2048x1365.jpg 2048w, https:\/\/woodchopper.eu\/wp-content\/uploads\/2025\/03\/Woodchopper-about-18x12.jpg 18w, https:\/\/woodchopper.eu\/wp-content\/uploads\/2025\/03\/Woodchopper-about-600x400.jpg 600w\" sizes=\"(max-width: 2400px) 100vw, 2400px\" \/>\t\t\t\t\t\t\t\t\t\t\t\t\t\t\t<\/div>\n\t\t\t\t<div class=\"elementor-element elementor-element-385d94a6 elementor-widget elementor-widget-image\" data-id=\"385d94a6\" data-element_type=\"widget\" data-e-type=\"widget\" data-widget_type=\"image.default\">\n\t\t\t\t\t\t\t\t\t\t\t\t\t\t\t<img loading=\"lazy\" decoding=\"async\" width=\"1024\" height=\"683\" src=\"https:\/\/woodchopper.eu\/wp-content\/uploads\/2024\/11\/website-extra-fotos-1024x683.jpg\" class=\"attachment-large size-large wp-image-5719\" alt=\"\" srcset=\"https:\/\/woodchopper.eu\/wp-content\/uploads\/2024\/11\/website-extra-fotos-1024x683.jpg 1024w, https:\/\/woodchopper.eu\/wp-content\/uploads\/2024\/11\/website-extra-fotos-300x200.jpg 300w, https:\/\/woodchopper.eu\/wp-content\/uploads\/2024\/11\/website-extra-fotos-768x512.jpg 768w, https:\/\/woodchopper.eu\/wp-content\/uploads\/2024\/11\/website-extra-fotos-1536x1024.jpg 1536w, https:\/\/woodchopper.eu\/wp-content\/uploads\/2024\/11\/website-extra-fotos-2048x1365.jpg 2048w, https:\/\/woodchopper.eu\/wp-content\/uploads\/2024\/11\/website-extra-fotos-18x12.jpg 18w, https:\/\/woodchopper.eu\/wp-content\/uploads\/2024\/11\/website-extra-fotos-600x400.jpg 600w\" sizes=\"(max-width: 1024px) 100vw, 1024px\" \/>\t\t\t\t\t\t\t\t\t\t\t\t\t\t\t<\/div>\n\t\t\t\t<div class=\"elementor-element elementor-element-450d6b3 elementor-widget elementor-widget-image\" data-id=\"450d6b3\" data-element_type=\"widget\" data-e-type=\"widget\" data-widget_type=\"image.default\">\n\t\t\t\t\t\t\t\t\t\t\t\t\t\t\t<img loading=\"lazy\" decoding=\"async\" width=\"1024\" height=\"683\" src=\"https:\/\/woodchopper.eu\/wp-content\/uploads\/2025\/03\/Woodchopper-about2-1024x683.jpg\" class=\"attachment-large size-large wp-image-5969\" alt=\"\" srcset=\"https:\/\/woodchopper.eu\/wp-content\/uploads\/2025\/03\/Woodchopper-about2-1024x683.jpg 1024w, https:\/\/woodchopper.eu\/wp-content\/uploads\/2025\/03\/Woodchopper-about2-300x200.jpg 300w, https:\/\/woodchopper.eu\/wp-content\/uploads\/2025\/03\/Woodchopper-about2-768x512.jpg 768w, https:\/\/woodchopper.eu\/wp-content\/uploads\/2025\/03\/Woodchopper-about2-1536x1024.jpg 1536w, https:\/\/woodchopper.eu\/wp-content\/uploads\/2025\/03\/Woodchopper-about2-2048x1365.jpg 2048w, https:\/\/woodchopper.eu\/wp-content\/uploads\/2025\/03\/Woodchopper-about2-18x12.jpg 18w, https:\/\/woodchopper.eu\/wp-content\/uploads\/2025\/03\/Woodchopper-about2-600x400.jpg 600w\" sizes=\"(max-width: 1024px) 100vw, 1024px\" \/>\t\t\t\t\t\t\t\t\t\t\t\t\t\t\t<\/div>\n\t\t\t\t<\/div>\n\t\t\t\t<\/div>\n\t\t<div class=\"elementor-element elementor-element-4fbed0a e-con-full e-flex e-con e-child\" data-id=\"4fbed0a\" data-element_type=\"container\" data-e-type=\"container\">\n\t\t\t\t<div class=\"elementor-element elementor-element-de8b1af elementor-widget elementor-widget-heading\" data-id=\"de8b1af\" data-element_type=\"widget\" data-e-type=\"widget\" data-widget_type=\"heading.default\">\n\t\t\t\t\t<h1 class=\"elementor-heading-title elementor-size-default\"><a href=\"https:\/\/woodchopper.eu\/fi\/product-2\/woodchopper\/\">Meid\u00e4n tarinamme<\/a><\/h1>\t\t\t\t<\/div>\n\t\t\t\t<div class=\"elementor-element elementor-element-a8b94e5 elementor-widget__width-initial elementor-widget-mobile__width-initial elementor-invisible elementor-widget elementor-widget-text-editor\" data-id=\"a8b94e5\" data-element_type=\"widget\" data-e-type=\"widget\" data-settings=\"{&quot;_animation&quot;:&quot;fadeInLeft&quot;}\" data-widget_type=\"text-editor.default\">\n\t\t\t\t\t\t\t\t\t<p>Seikkailuni <strong>Woodchopper<\/strong> aloitti t\u00e4llaisen <strong>15 vuotta sitten<\/strong>, kun lahjoitin yst\u00e4v\u00e4lleni k\u00e4sisahurin.<br \/>Muutamaa vuotta my\u00f6hemmin - kun l\u00f6ysin paikan, jossa - <strong>nuotio, nuotio ja grilli<\/strong> tuli yhteen - halusin sellaisen itsekin. Mutta yll\u00e4tyksekseni sit\u00e4 ei ollut en\u00e4\u00e4 saatavilla miss\u00e4\u00e4n.<\/p><p><br \/>Tuo hetki pani jotain liikkeelle. P\u00e4\u00e4tin tehd\u00e4 <strong>oma, parannettu versio<\/strong> suunnittelu:<br \/>turvallinen, ergonominen ja kest\u00e4v\u00e4. Valmistettu <strong>ruostumaton ter\u00e4s<\/strong>, jossa on <strong>pidempi vipu<\/strong> lis\u00e4tehoa ja mukavuutta.<\/p><p><br \/>N\u00e4in ollen <strong>Woodchopper<\/strong> syntynyt.<br \/>T\u00e4n\u00e4\u00e4n toimitamme ty\u00f6pajastamme <strong>Pohjois-Hollanti<\/strong> \u00e4lyk\u00e4s ja vankka tuote, jolla jokainen puupoltin voi polttaa <strong>vaivattomasti<\/strong> voi nauttia tulesta.<br \/>Ja mik\u00e4 parasta? Nyt on olemassa <strong>monia tyytyv\u00e4isi\u00e4 k\u00e4ytt\u00e4ji\u00e4<\/strong> jotka vahvistavat sen joka p\u00e4iv\u00e4.<\/p>\t\t\t\t\t\t\t\t<\/div>\n\t\t\t\t<div class=\"elementor-element elementor-element-768abc0 elementor-mobile-align-center elementor-button-warning elementor-align-left elementor-widget elementor-widget-button\" data-id=\"768abc0\" data-element_type=\"widget\" data-e-type=\"widget\" data-widget_type=\"button.default\">\n\t\t\t\t\t\t\t\t\t\t<a class=\"elementor-button elementor-button-link elementor-size-sm\" href=\"https:\/\/woodchopper.eu\/fi\/product-2\/woodchopper\/\">\n\t\t\t\t\t\t<span class=\"elementor-button-content-wrapper\">\n\t\t\t\t\t\t\t\t\t<span class=\"elementor-button-text\">Tilaaminen<\/span>\n\t\t\t\t\t<\/span>\n\t\t\t\t\t<\/a>\n\t\t\t\t\t\t\t\t<\/div>\n\t\t\t\t<\/div>\n\t\t\t\t\t<\/div>\n\t\t\t\t<\/div>\n\t\t\t\t<\/div>","protected":false},"excerpt":{"rendered":"<p>Ons verhaal Mijn avontuur met de Woodchopper begon zo\u2019n 15 jaar geleden, toen ik een handhoutklover cadeau deed aan een&#8230;<\/p>","protected":false},"author":1,"featured_media":0,"parent":0,"menu_order":0,"comment_status":"closed","ping_status":"closed","template":"","meta":{"footnotes":""},"class_list":["post-5952","page","type-page","status-publish","hentry"],"_links":{"self":[{"href":"https:\/\/woodchopper.eu\/fi\/wp-json\/wp\/v2\/pages\/5952","targetHints":{"allow":["GET"]}}],"collection":[{"href":"https:\/\/woodchopper.eu\/fi\/wp-json\/wp\/v2\/pages"}],"about":[{"href":"https:\/\/woodchopper.eu\/fi\/wp-json\/wp\/v2\/types\/page"}],"author":[{"embeddable":true,"href":"https:\/\/woodchopper.eu\/fi\/wp-json\/wp\/v2\/users\/1"}],"replies":[{"embeddable":true,"href":"https:\/\/woodchopper.eu\/fi\/wp-json\/wp\/v2\/comments?post=5952"}],"version-history":[{"count":31,"href":"https:\/\/woodchopper.eu\/fi\/wp-json\/wp\/v2\/pages\/5952\/revisions"}],"predecessor-version":[{"id":6715,"href":"https:\/\/woodchopper.eu\/fi\/wp-json\/wp\/v2\/pages\/5952\/revisions\/6715"}],"wp:attachment":[{"href":"https:\/\/woodchopper.eu\/fi\/wp-json\/wp\/v2\/media?parent=5952"}],"curies":[{"name":"wp","href":"https:\/\/api.w.org\/{rel}","templated":true}]}}