{"id":5989,"date":"2025-03-21T14:53:50","date_gmt":"2025-03-21T14:53:50","guid":{"rendered":"https:\/\/woodchopper.eu\/?post_type=product&#038;p=5989"},"modified":"2025-09-17T10:23:11","modified_gmt":"2025-09-17T10:23:11","slug":"dragkrokssats","status":"publish","type":"product","link":"https:\/\/woodchopper.eu\/sv\/product\/trekhaak-set","title":{"rendered":"Dragkrokssats"},"content":{"rendered":"","protected":false},"excerpt":{"rendered":"<p>Ta med Woodchopper p\u00e5 \u00e4ventyr eller till utomhusaktiviteter. Det l\u00f6stagbara dragkroksf\u00e4stet inneb\u00e4r att Woodchopper kan anv\u00e4ndas p\u00e5 alla m\u00f6jliga platser. Skjut helt enkelt f\u00e4stet \u00f6ver dragkroken och f\u00e4st det med bara en bult.<\/p>","protected":false},"featured_media":5993,"template":"","meta":[],"product_brand":[],"product_cat":[23,96],"product_tag":[],"class_list":{"0":"post-5989","1":"product","2":"type-product","3":"status-publish","4":"has-post-thumbnail","6":"product_cat-accessories","7":"product_cat-trekhaak-set","9":"first","10":"instock","11":"taxable","12":"shipping-taxable","13":"purchasable","14":"product-type-simple"},"_links":{"self":[{"href":"https:\/\/woodchopper.eu\/sv\/wp-json\/wp\/v2\/product\/5989","targetHints":{"allow":["GET"]}}],"collection":[{"href":"https:\/\/woodchopper.eu\/sv\/wp-json\/wp\/v2\/product"}],"about":[{"href":"https:\/\/woodchopper.eu\/sv\/wp-json\/wp\/v2\/types\/product"}],"version-history":[{"count":4,"href":"https:\/\/woodchopper.eu\/sv\/wp-json\/wp\/v2\/product\/5989\/revisions"}],"predecessor-version":[{"id":6399,"href":"https:\/\/woodchopper.eu\/sv\/wp-json\/wp\/v2\/product\/5989\/revisions\/6399"}],"wp:featuredmedia":[{"embeddable":true,"href":"https:\/\/woodchopper.eu\/sv\/wp-json\/wp\/v2\/media\/5993"}],"wp:attachment":[{"href":"https:\/\/woodchopper.eu\/sv\/wp-json\/wp\/v2\/media?parent=5989"}],"wp:term":[{"taxonomy":"product_brand","embeddable":true,"href":"https:\/\/woodchopper.eu\/sv\/wp-json\/wp\/v2\/product_brand?post=5989"},{"taxonomy":"product_cat","embeddable":true,"href":"https:\/\/woodchopper.eu\/sv\/wp-json\/wp\/v2\/product_cat?post=5989"},{"taxonomy":"product_tag","embeddable":true,"href":"https:\/\/woodchopper.eu\/sv\/wp-json\/wp\/v2\/product_tag?post=5989"}],"curies":[{"name":"wp","href":"https:\/\/api.w.org\/{rel}","templated":true}]}}